{"id":4166,"date":"2023-06-21T16:49:44","date_gmt":"2023-06-21T16:49:44","guid":{"rendered":"\/formacion-sobre-salud-mental\/"},"modified":"2023-06-21T16:49:44","modified_gmt":"2023-06-21T16:49:44","slug":"formacion-sobre-salud-mental","status":"publish","type":"page","link":"https:\/\/www.lavoznola.com\/es\/formacion-sobre-salud-mental\/","title":{"rendered":"Formaci\u00f3n sobre salud mental"},"content":{"rendered":"\t\t<div data-elementor-type=\"wp-page\" data-elementor-id=\"4166\" class=\"elementor elementor-4166 elementor-3887\">\n\t\t\t\t\t\t\t\t\t<section class=\"elementor-section elementor-top-section elementor-element elementor-element-b0e2b5d elementor-section-boxed elementor-section-height-default elementor-section-height-default\" data-id=\"b0e2b5d\" data-element_type=\"section\">\n\t\t\t\t\t\t<div class=\"elementor-container elementor-column-gap-default\">\n\t\t\t\t\t<div class=\"elementor-column elementor-col-100 elementor-top-column elementor-element elementor-element-e52658d\" data-id=\"e52658d\" data-element_type=\"column\">\n\t\t\t<div class=\"elementor-widget-wrap elementor-element-populated\">\n\t\t\t\t\t\t\t\t<section class=\"elementor-section elementor-inner-section elementor-element elementor-element-e7b3e4c elementor-section-boxed elementor-section-height-default elementor-section-height-default\" data-id=\"e7b3e4c\" data-element_type=\"section\">\n\t\t\t\t\t\t<div class=\"elementor-container elementor-column-gap-default\">\n\t\t\t\t\t<div class=\"elementor-column elementor-col-50 elementor-inner-column elementor-element elementor-element-2f28fb5\" data-id=\"2f28fb5\" data-element_type=\"column\">\n\t\t\t<div class=\"elementor-widget-wrap elementor-element-populated\">\n\t\t\t\t\t\t\t\t<div class=\"elementor-element elementor-element-059868b elementor-widget elementor-widget-heading\" data-id=\"059868b\" data-element_type=\"widget\" data-widget_type=\"heading.default\">\n\t\t\t\t<div class=\"elementor-widget-container\">\n\t\t\t<h2 class=\"elementor-heading-title elementor-size-default\">Formaci\u00f3n sobre salud mental<\/h2>\t\t<\/div>\n\t\t\t\t<\/div>\n\t\t\t\t<div class=\"elementor-element elementor-element-83651df elementor-widget elementor-widget-text-editor\" data-id=\"83651df\" data-element_type=\"widget\" data-widget_type=\"text-editor.default\">\n\t\t\t\t<div class=\"elementor-widget-container\">\n\t\t\t\t\t\t\t<p dir=\"ltr\" style=\"line-height: 1.38; margin-top: 0pt; margin-bottom: 0pt;\"><span style=\"font-size: 11pt; font-family: Roboto,sans-serif; color: #000000; background-color: transparent; font-weight: 400; font-style: normal; font-variant: normal; text-decoration: none; vertical-align: baseline; white-space: pre-wrap;\">LA Voz de la Comunidad, continuando su enfoque en la construcci\u00f3n de la protecci\u00f3n en la vida de nuestros j\u00f3venes latinos, comenz\u00f3 un nuevo programa de Capacitaci\u00f3n de Concientizaci\u00f3n de Salud Mental financiado por los Centros de SAMHSA para Servicios de Salud Mental en 2023.&nbsp;  El programa aplica el plan de estudios de Primeros Auxilios en Salud Mental (MHFA).  &nbsp;  LA Voz es la \u00fanica agencia en el Estado de Louisiana que lleva a cabo MHFA en espa\u00f1ol dirigido a nuestra fuerza de trabajo latina.<\/span><\/p>\n<p><\/p>\n<p dir=\"ltr\" style=\"line-height: 1.38; margin-top: 0pt; margin-bottom: 0pt;\"><span style=\"font-size: 11pt; font-family: Roboto,sans-serif; color: #000000; background-color: transparent; font-weight: 400; font-style: normal; font-variant: normal; text-decoration: none; vertical-align: baseline; white-space: pre-wrap;\">El objetivo del MHFA es acabar con los estigmas y salvar las distancias en cuanto a pedir o buscar ayuda cuando una persona padece una enfermedad mental.&nbsp;  Dentro de las comunidades latinas se encuentran normas culturales que apoyan el estigma negativo asociado a las enfermedades mentales y una grave falta de acceso a los servicios de salud mental.<\/span><\/p>\n<p><\/p>\n<p dir=\"ltr\" style=\"line-height: 1.38; margin-top: 0pt; margin-bottom: 0pt;\"><span style=\"font-size: 11pt; font-family: Roboto,sans-serif; color: #000000; background-color: transparent; font-weight: 400; font-style: normal; font-variant: normal; text-decoration: none; vertical-align: baseline; white-space: pre-wrap;\">Juan Forero, Bi\u00f3logo y Profesor, con m\u00e1s de 15 a\u00f1os de experiencia trabajando directamente con la comunidad, es el Formador Principal de LA Voz en MHFA. El Sr. Forero ofrece una experiencia culturalmente competente a nuestras comunidades latinas del \u00e1rea metropolitana de Nueva Orleans.&nbsp;  Como inmigrante y compa\u00f1ero, las formaciones del Sr. Forero pretenden aumentar la comprensi\u00f3n dentro de nuestra mano de obra latina de la importancia de identificar los indicadores de salud mental para ellos mismos, su familia, sus compa\u00f1eros de trabajo y el entorno social en general, de modo que se puedan realizar intervenciones como las derivaciones a tratamiento.  <\/span><\/p>\n<p><\/p>\n<p dir=\"ltr\" style=\"line-height: 1.38; margin-top: 0pt; margin-bottom: 0pt;\"><span style=\"font-size: 11pt; font-family: Roboto,sans-serif; color: #000000; background-color: transparent; font-weight: 400; font-style: normal; font-variant: normal; text-decoration: none; vertical-align: baseline; white-space: pre-wrap;\">LA Voz se asocia con la C\u00e1mara de Comercio Hispana, El Faro, el Congreso de Pastores Bautistas y el departamento de ESL de las Escuelas P\u00fablicas de Jefferson Parish con el fin de ayudar a nuestros profesionales de habla hispana que tocan las vidas de nuestros residentes latinos en la identificaci\u00f3n y remisi\u00f3n de las personas a los servicios de salud mental.<\/span><\/p>\n<p><\/p>\n<p dir=\"ltr\" style=\"line-height: 1.38; margin-top: 0pt; margin-bottom: 0pt;\"><span style=\"font-size: 11pt; font-family: Roboto,sans-serif; color: #000000; background-color: transparent; font-weight: 400; font-style: normal; font-variant: normal; text-decoration: none; vertical-align: baseline; white-space: pre-wrap;\">LA Voz tiene como objetivo aumentar el acceso de los latinos a los servicios de salud mental mediante el desarrollo de la capacidad de nuestra comunidad latina para identificar, derivar y tratar las enfermedades mentales.&nbsp;  Si est\u00e1 interesado en conocer m\u00e1s sobre nuestros servicios de MHFA visite nuestras Redes Sociales o puede escribir al Sr. Forero a juan@lavoznola.com, o enviar un mensaje de Whatsapp al (504) 6775897.<\/span><\/p>\n<p><\/p>\t\t\t\t\t\t<\/div>\n\t\t\t\t<\/div>\n\t\t\t\t\t<\/div>\n\t\t<\/div>\n\t\t\t\t<div class=\"elementor-column elementor-col-50 elementor-inner-column elementor-element elementor-element-61863dc\" data-id=\"61863dc\" data-element_type=\"column\">\n\t\t\t<div class=\"elementor-widget-wrap elementor-element-populated\">\n\t\t\t\t\t\t\t\t<div class=\"elementor-element elementor-element-dd27327 elementor-widget elementor-widget-image\" data-id=\"dd27327\" data-element_type=\"widget\" data-widget_type=\"image.default\">\n\t\t\t\t<div class=\"elementor-widget-container\">\n\t\t\t\t\t\t\t\t\t\t\t\t\t\t\t<img loading=\"lazy\" decoding=\"async\" width=\"800\" height=\"448\" src=\"https:\/\/www.lavoznola.com\/wp-content\/uploads\/2023\/05\/hero-image-The-Dark-and-Lonely-World-of-Depression-1024x573.webp\" class=\"attachment-large size-large wp-image-3903\" alt=\"\" srcset=\"https:\/\/www.lavoznola.com\/wp-content\/uploads\/2023\/05\/hero-image-The-Dark-and-Lonely-World-of-Depression-1024x573.webp 1024w, https:\/\/www.lavoznola.com\/wp-content\/uploads\/2023\/05\/hero-image-The-Dark-and-Lonely-World-of-Depression-300x168.webp 300w, https:\/\/www.lavoznola.com\/wp-content\/uploads\/2023\/05\/hero-image-The-Dark-and-Lonely-World-of-Depression-768x430.webp 768w, https:\/\/www.lavoznola.com\/wp-content\/uploads\/2023\/05\/hero-image-The-Dark-and-Lonely-World-of-Depression-1536x859.webp 1536w, https:\/\/www.lavoznola.com\/wp-content\/uploads\/2023\/05\/hero-image-The-Dark-and-Lonely-World-of-Depression-600x336.webp 600w, https:\/\/www.lavoznola.com\/wp-content\/uploads\/2023\/05\/hero-image-The-Dark-and-Lonely-World-of-Depression.webp 1863w\" sizes=\"auto, (max-width: 800px) 100vw, 800px\" \/>\t\t\t\t\t\t\t\t\t\t\t\t\t\t\t<\/div>\n\t\t\t\t<\/div>\n\t\t\t\t<div class=\"elementor-element elementor-element-c15f2a0 elementor-widget elementor-widget-image\" data-id=\"c15f2a0\" data-element_type=\"widget\" data-widget_type=\"image.default\">\n\t\t\t\t<div class=\"elementor-widget-container\">\n\t\t\t\t\t\t\t\t\t\t\t\t\t\t\t<img loading=\"lazy\" decoding=\"async\" width=\"800\" height=\"600\" src=\"https:\/\/www.lavoznola.com\/wp-content\/uploads\/2023\/05\/CDC_depression_statistics920.jpeg\" class=\"attachment-large size-large wp-image-3910\" alt=\"\" srcset=\"https:\/\/www.lavoznola.com\/wp-content\/uploads\/2023\/05\/CDC_depression_statistics920.jpeg 920w, https:\/\/www.lavoznola.com\/wp-content\/uploads\/2023\/05\/CDC_depression_statistics920-300x225.jpeg 300w, https:\/\/www.lavoznola.com\/wp-content\/uploads\/2023\/05\/CDC_depression_statistics920-768x576.jpeg 768w, https:\/\/www.lavoznola.com\/wp-content\/uploads\/2023\/05\/CDC_depression_statistics920-600x450.jpeg 600w\" sizes=\"auto, (max-width: 800px) 100vw, 800px\" \/>\t\t\t\t\t\t\t\t\t\t\t\t\t\t\t<\/div>\n\t\t\t\t<\/div>\n\t\t\t\t<div class=\"elementor-element elementor-element-66fefb2 elementor-widget elementor-widget-image\" data-id=\"66fefb2\" data-element_type=\"widget\" data-widget_type=\"image.default\">\n\t\t\t\t<div class=\"elementor-widget-container\">\n\t\t\t\t\t\t\t\t\t\t\t\t\t\t\t<img loading=\"lazy\" decoding=\"async\" width=\"800\" height=\"534\" src=\"https:\/\/www.lavoznola.com\/wp-content\/uploads\/2023\/05\/hb-depression-0716207264919901-1024x684.jpeg\" class=\"attachment-large size-large wp-image-3905\" alt=\"\" srcset=\"https:\/\/www.lavoznola.com\/wp-content\/uploads\/2023\/05\/hb-depression-0716207264919901-1024x684.jpeg 1024w, https:\/\/www.lavoznola.com\/wp-content\/uploads\/2023\/05\/hb-depression-0716207264919901-300x200.jpeg 300w, https:\/\/www.lavoznola.com\/wp-content\/uploads\/2023\/05\/hb-depression-0716207264919901-768x513.jpeg 768w, https:\/\/www.lavoznola.com\/wp-content\/uploads\/2023\/05\/hb-depression-0716207264919901-1536x1025.jpeg 1536w, https:\/\/www.lavoznola.com\/wp-content\/uploads\/2023\/05\/hb-depression-0716207264919901-600x401.jpeg 600w, https:\/\/www.lavoznola.com\/wp-content\/uploads\/2023\/05\/hb-depression-0716207264919901.jpeg 1600w\" sizes=\"auto, (max-width: 800px) 100vw, 800px\" \/>\t\t\t\t\t\t\t\t\t\t\t\t\t\t\t<\/div>\n\t\t\t\t<\/div>\n\t\t\t\t\t<\/div>\n\t\t<\/div>\n\t\t\t\t\t\t\t<\/div>\n\t\t<\/section>\n\t\t\t\t\t<\/div>\n\t\t<\/div>\n\t\t\t\t\t\t\t<\/div>\n\t\t<\/section>\n\t\t\t\t\t\t\t<\/div>\n\t\t","protected":false},"excerpt":{"rendered":"<p>Formaci\u00f3n sobre salud mental LA Voz de la Comunidad, continuando su enfoque en la construcci\u00f3n de la protecci\u00f3n en la vida de nuestros j\u00f3venes latinos, comenz\u00f3 un nuevo programa de Capacitaci\u00f3n de Concientizaci\u00f3n de Salud Mental financiado por los Centros de SAMHSA para Servicios de Salud Mental en 2023.&nbsp; El programa aplica el plan de [&hellip;]<\/p>\n","protected":false},"author":147,"featured_media":0,"parent":0,"menu_order":0,"comment_status":"closed","ping_status":"closed","template":"","meta":{"_acf_changed":false,"footnotes":""},"class_list":["post-4166","page","type-page","status-publish","hentry"],"acf":[],"_links":{"self":[{"href":"https:\/\/www.lavoznola.com\/es\/wp-json\/wp\/v2\/pages\/4166","targetHints":{"allow":["GET"]}}],"collection":[{"href":"https:\/\/www.lavoznola.com\/es\/wp-json\/wp\/v2\/pages"}],"about":[{"href":"https:\/\/www.lavoznola.com\/es\/wp-json\/wp\/v2\/types\/page"}],"author":[{"embeddable":true,"href":"https:\/\/www.lavoznola.com\/es\/wp-json\/wp\/v2\/users\/147"}],"replies":[{"embeddable":true,"href":"https:\/\/www.lavoznola.com\/es\/wp-json\/wp\/v2\/comments?post=4166"}],"version-history":[{"count":1,"href":"https:\/\/www.lavoznola.com\/es\/wp-json\/wp\/v2\/pages\/4166\/revisions"}],"predecessor-version":[{"id":4167,"href":"https:\/\/www.lavoznola.com\/es\/wp-json\/wp\/v2\/pages\/4166\/revisions\/4167"}],"wp:attachment":[{"href":"https:\/\/www.lavoznola.com\/es\/wp-json\/wp\/v2\/media?parent=4166"}],"curies":[{"name":"wp","href":"https:\/\/api.w.org\/{rel}","templated":true}]}}