{"id":3201,"date":"2022-02-01T20:44:41","date_gmt":"2022-02-01T20:44:41","guid":{"rendered":"\/mision\/coalicion-de-comunidades-libres-de-drogas-dfc\/"},"modified":"2023-06-21T16:49:44","modified_gmt":"2023-06-21T16:49:44","slug":"coalicion-de-comunidades-libres-de-drogas-dfc","status":"publish","type":"page","link":"https:\/\/www.lavoznola.com\/es\/mision\/coalicion-de-comunidades-libres-de-drogas-dfc\/","title":{"rendered":"Programas"},"content":{"rendered":"\t\t<div data-elementor-type=\"wp-page\" data-elementor-id=\"3201\" class=\"elementor elementor-3201 elementor-2901\">\n\t\t\t\t\t\t\t\t\t<section class=\"elementor-section elementor-top-section elementor-element elementor-element-3761e4e elementor-section-boxed elementor-section-height-default elementor-section-height-default\" data-id=\"3761e4e\" data-element_type=\"section\">\n\t\t\t\t\t\t<div class=\"elementor-container elementor-column-gap-default\">\n\t\t\t\t\t<div class=\"elementor-column elementor-col-100 elementor-top-column elementor-element elementor-element-76822a3\" data-id=\"76822a3\" data-element_type=\"column\">\n\t\t\t<div class=\"elementor-widget-wrap elementor-element-populated\">\n\t\t\t\t\t\t\t\t<div class=\"elementor-element elementor-element-58700c2 elementor-widget elementor-widget-heading\" data-id=\"58700c2\" data-element_type=\"widget\" data-widget_type=\"heading.default\">\n\t\t\t\t<div class=\"elementor-widget-container\">\n\t\t\t<h2 class=\"elementor-heading-title elementor-size-default\">Programas<\/h2>\t\t<\/div>\n\t\t\t\t<\/div>\n\t\t\t\t<div class=\"elementor-element elementor-element-3b119bb elementor-widget elementor-widget-text-editor\" data-id=\"3b119bb\" data-element_type=\"widget\" data-widget_type=\"text-editor.default\">\n\t\t\t\t<div class=\"elementor-widget-container\">\n\t\t\t\t\t\t\t<p>A continuaci\u00f3n encontrar\u00e1 cada uno de los programas que LA Voz de la Comunidad tiene activos.<\/p>\n\t\t\t\t\t\t<\/div>\n\t\t\t\t<\/div>\n\t\t\t\t<div class=\"elementor-element elementor-element-b111193 elementor-widget-divider--view-line elementor-widget elementor-widget-divider\" data-id=\"b111193\" data-element_type=\"widget\" data-widget_type=\"divider.default\">\n\t\t\t\t<div class=\"elementor-widget-container\">\n\t\t\t\t\t<div class=\"elementor-divider\">\n\t\t\t<span class=\"elementor-divider-separator\">\n\t\t\t\t\t\t<\/span>\n\t\t<\/div>\n\t\t\t\t<\/div>\n\t\t\t\t<\/div>\n\t\t\t\t\t<\/div>\n\t\t<\/div>\n\t\t\t\t\t\t\t<\/div>\n\t\t<\/section>\n\t\t\t\t<section class=\"elementor-section elementor-top-section elementor-element elementor-element-5bb96aa elementor-section-boxed elementor-section-height-default elementor-section-height-default\" data-id=\"5bb96aa\" data-element_type=\"section\">\n\t\t\t\t\t\t<div class=\"elementor-container elementor-column-gap-default\">\n\t\t\t\t\t<div class=\"elementor-column elementor-col-100 elementor-top-column elementor-element elementor-element-a3074fd\" data-id=\"a3074fd\" data-element_type=\"column\">\n\t\t\t<div class=\"elementor-widget-wrap elementor-element-populated\">\n\t\t\t\t\t\t\t\t<section class=\"elementor-section elementor-inner-section elementor-element elementor-element-65c847c elementor-section-boxed elementor-section-height-default elementor-section-height-default\" data-id=\"65c847c\" data-element_type=\"section\">\n\t\t\t\t\t\t<div class=\"elementor-container elementor-column-gap-default\">\n\t\t\t\t\t<div class=\"elementor-column elementor-col-50 elementor-inner-column elementor-element elementor-element-1ecd034\" data-id=\"1ecd034\" data-element_type=\"column\">\n\t\t\t<div class=\"elementor-widget-wrap elementor-element-populated\">\n\t\t\t\t\t\t\t\t<div class=\"elementor-element elementor-element-cf2e753 elementor-widget elementor-widget-image\" data-id=\"cf2e753\" data-element_type=\"widget\" data-widget_type=\"image.default\">\n\t\t\t\t<div class=\"elementor-widget-container\">\n\t\t\t\t\t\t\t\t\t\t\t\t\t\t\t<img loading=\"lazy\" decoding=\"async\" width=\"800\" height=\"800\" src=\"https:\/\/www.lavoznola.com\/wp-content\/uploads\/2023\/05\/8-1024x1024.png\" class=\"attachment-large size-large wp-image-3840\" alt=\"\" srcset=\"https:\/\/www.lavoznola.com\/wp-content\/uploads\/2023\/05\/8-1024x1024.png 1024w, https:\/\/www.lavoznola.com\/wp-content\/uploads\/2023\/05\/8-300x300.png 300w, https:\/\/www.lavoznola.com\/wp-content\/uploads\/2023\/05\/8-150x150.png 150w, https:\/\/www.lavoznola.com\/wp-content\/uploads\/2023\/05\/8-768x768.png 768w, https:\/\/www.lavoznola.com\/wp-content\/uploads\/2023\/05\/8-1536x1536.png 1536w, https:\/\/www.lavoznola.com\/wp-content\/uploads\/2023\/05\/8-2048x2048.png 2048w, https:\/\/www.lavoznola.com\/wp-content\/uploads\/2023\/05\/8-600x600.png 600w, https:\/\/www.lavoznola.com\/wp-content\/uploads\/2023\/05\/8-100x100.png 100w\" sizes=\"auto, (max-width: 800px) 100vw, 800px\" \/>\t\t\t\t\t\t\t\t\t\t\t\t\t\t\t<\/div>\n\t\t\t\t<\/div>\n\t\t\t\t<div class=\"elementor-element elementor-element-99f3be8 elementor-widget elementor-widget-image\" data-id=\"99f3be8\" data-element_type=\"widget\" data-widget_type=\"image.default\">\n\t\t\t\t<div class=\"elementor-widget-container\">\n\t\t\t\t\t\t\t\t\t\t\t\t\t\t\t<img loading=\"lazy\" decoding=\"async\" width=\"800\" height=\"800\" src=\"https:\/\/www.lavoznola.com\/wp-content\/uploads\/2023\/05\/4-1024x1024.png\" class=\"attachment-large size-large wp-image-3842\" alt=\"\" srcset=\"https:\/\/www.lavoznola.com\/wp-content\/uploads\/2023\/05\/4-1024x1024.png 1024w, https:\/\/www.lavoznola.com\/wp-content\/uploads\/2023\/05\/4-300x300.png 300w, https:\/\/www.lavoznola.com\/wp-content\/uploads\/2023\/05\/4-150x150.png 150w, https:\/\/www.lavoznola.com\/wp-content\/uploads\/2023\/05\/4-768x768.png 768w, https:\/\/www.lavoznola.com\/wp-content\/uploads\/2023\/05\/4-1536x1536.png 1536w, https:\/\/www.lavoznola.com\/wp-content\/uploads\/2023\/05\/4-2048x2048.png 2048w, https:\/\/www.lavoznola.com\/wp-content\/uploads\/2023\/05\/4-600x600.png 600w, https:\/\/www.lavoznola.com\/wp-content\/uploads\/2023\/05\/4-100x100.png 100w\" sizes=\"auto, (max-width: 800px) 100vw, 800px\" \/>\t\t\t\t\t\t\t\t\t\t\t\t\t\t\t<\/div>\n\t\t\t\t<\/div>\n\t\t\t\t\t<\/div>\n\t\t<\/div>\n\t\t\t\t<div class=\"elementor-column elementor-col-50 elementor-inner-column elementor-element elementor-element-8ad140b\" data-id=\"8ad140b\" data-element_type=\"column\">\n\t\t\t<div class=\"elementor-widget-wrap elementor-element-populated\">\n\t\t\t\t\t\t\t\t<div class=\"elementor-element elementor-element-d4ffd24 elementor-align-left elementor-widget elementor-widget-button\" data-id=\"d4ffd24\" data-element_type=\"widget\" data-widget_type=\"button.default\">\n\t\t\t\t<div class=\"elementor-widget-container\">\n\t\t\t\t\t<div class=\"elementor-button-wrapper\">\n\t\t\t<a href=\"\/drug-free-community\/\" class=\"elementor-button-link elementor-button elementor-size-sm\" role=\"button\">\n\t\t\t\t\t\t<span class=\"elementor-button-content-wrapper\">\n\t\t\t\t\t\t<span class=\"elementor-button-text\">comunidad sin drogas<\/span>\n\t\t<\/span>\n\t\t\t\t\t<\/a>\n\t\t<\/div>\n\t\t\t\t<\/div>\n\t\t\t\t<\/div>\n\t\t\t\t<div class=\"elementor-element elementor-element-ebba4cb elementor-align-left elementor-widget elementor-widget-button\" data-id=\"ebba4cb\" data-element_type=\"widget\" data-widget_type=\"button.default\">\n\t\t\t\t<div class=\"elementor-widget-container\">\n\t\t\t\t\t<div class=\"elementor-button-wrapper\">\n\t\t\t<a href=\"\/mental-health-awareness-training\/\" class=\"elementor-button-link elementor-button elementor-size-sm\" role=\"button\">\n\t\t\t\t\t\t<span class=\"elementor-button-content-wrapper\">\n\t\t\t\t\t\t<span class=\"elementor-button-text\">formaci\u00f3n en salud mental<\/span>\n\t\t<\/span>\n\t\t\t\t\t<\/a>\n\t\t<\/div>\n\t\t\t\t<\/div>\n\t\t\t\t<\/div>\n\t\t\t\t<div class=\"elementor-element elementor-element-b7e129b elementor-align-left elementor-widget elementor-widget-button\" data-id=\"b7e129b\" data-element_type=\"widget\" data-widget_type=\"button.default\">\n\t\t\t\t<div class=\"elementor-widget-container\">\n\t\t\t\t\t<div class=\"elementor-button-wrapper\">\n\t\t\t<a href=\"\/louisiana-highway-safety\/\" class=\"elementor-button-link elementor-button elementor-size-sm\" role=\"button\">\n\t\t\t\t\t\t<span class=\"elementor-button-content-wrapper\">\n\t\t\t\t\t\t<span class=\"elementor-button-text\">Seguridad vial en LOUISIANA<\/span>\n\t\t<\/span>\n\t\t\t\t\t<\/a>\n\t\t<\/div>\n\t\t\t\t<\/div>\n\t\t\t\t<\/div>\n\t\t\t\t<div class=\"elementor-element elementor-element-7d20a9c elementor-align-left elementor-widget elementor-widget-button\" data-id=\"7d20a9c\" data-element_type=\"widget\" data-widget_type=\"button.default\">\n\t\t\t\t<div class=\"elementor-widget-container\">\n\t\t\t\t\t<div class=\"elementor-button-wrapper\">\n\t\t\t<a href=\"\/jefferson-ready-start\/\" class=\"elementor-button-link elementor-button elementor-size-sm\" role=\"button\">\n\t\t\t\t\t\t<span class=\"elementor-button-content-wrapper\">\n\t\t\t\t\t\t<span class=\"elementor-button-text\">PARROQUIA DE JEFFERSON READY START<\/span>\n\t\t<\/span>\n\t\t\t\t\t<\/a>\n\t\t<\/div>\n\t\t\t\t<\/div>\n\t\t\t\t<\/div>\n\t\t\t\t<div class=\"elementor-element elementor-element-5e389e0 elementor-align-left elementor-widget elementor-widget-button\" data-id=\"5e389e0\" data-element_type=\"widget\" data-widget_type=\"button.default\">\n\t\t\t\t<div class=\"elementor-widget-container\">\n\t\t\t\t\t<div class=\"elementor-button-wrapper\">\n\t\t\t<a href=\"\/louisiana-childrens-trust-fund\/\" class=\"elementor-button-link elementor-button elementor-size-sm\" role=\"button\">\n\t\t\t\t\t\t<span class=\"elementor-button-content-wrapper\">\n\t\t\t\t\t\t<span class=\"elementor-button-text\">fondo fiduciario para la infancia de louisiana<\/span>\n\t\t<\/span>\n\t\t\t\t\t<\/a>\n\t\t<\/div>\n\t\t\t\t<\/div>\n\t\t\t\t<\/div>\n\t\t\t\t<div class=\"elementor-element elementor-element-99aa747 elementor-widget elementor-widget-button\" data-id=\"99aa747\" data-element_type=\"widget\" data-widget_type=\"button.default\">\n\t\t\t\t<div class=\"elementor-widget-container\">\n\t\t\t\t\t<div class=\"elementor-button-wrapper\">\n\t\t\t<a href=\"\/pfs\/\" class=\"elementor-button-link elementor-button elementor-size-sm\" role=\"button\">\n\t\t\t\t\t\t<span class=\"elementor-button-content-wrapper\">\n\t\t\t\t\t\t<span class=\"elementor-button-text\">ASOCIACIONES PARA EL \u00c9XITO<\/span>\n\t\t<\/span>\n\t\t\t\t\t<\/a>\n\t\t<\/div>\n\t\t\t\t<\/div>\n\t\t\t\t<\/div>\n\t\t\t\t<div class=\"elementor-element elementor-element-ee69297 elementor-widget elementor-widget-button\" data-id=\"ee69297\" data-element_type=\"widget\" data-widget_type=\"button.default\">\n\t\t\t\t<div class=\"elementor-widget-container\">\n\t\t\t\t\t<div class=\"elementor-button-wrapper\">\n\t\t\t<a href=\"#\" class=\"elementor-button-link elementor-button elementor-size-sm\" role=\"button\">\n\t\t\t\t\t\t<span class=\"elementor-button-content-wrapper\">\n\t\t\t\t\t\t<span class=\"elementor-button-text\">coalici\u00f3n garinagu<\/span>\n\t\t<\/span>\n\t\t\t\t\t<\/a>\n\t\t<\/div>\n\t\t\t\t<\/div>\n\t\t\t\t<\/div>\n\t\t\t\t\t<\/div>\n\t\t<\/div>\n\t\t\t\t\t\t\t<\/div>\n\t\t<\/section>\n\t\t\t\t\t<\/div>\n\t\t<\/div>\n\t\t\t\t\t\t\t<\/div>\n\t\t<\/section>\n\t\t\t\t\t\t\t<\/div>\n\t\t","protected":false},"excerpt":{"rendered":"<p>Programas A continuaci\u00f3n encontrar\u00e1 cada uno de los programas que LA Voz de la Comunidad tiene activos. comunidad sin drogas formaci\u00f3n en salud mental Seguridad vial en LOUISIANA PARROQUIA DE JEFFERSON READY START fondo fiduciario para la infancia de louisiana ASOCIACIONES PARA EL \u00c9XITO coalici\u00f3n garinagu<\/p>\n","protected":false},"author":147,"featured_media":0,"parent":2051,"menu_order":0,"comment_status":"closed","ping_status":"closed","template":"elementor_theme","meta":{"_acf_changed":false,"footnotes":""},"class_list":["post-3201","page","type-page","status-publish","hentry"],"acf":[],"_links":{"self":[{"href":"https:\/\/www.lavoznola.com\/es\/wp-json\/wp\/v2\/pages\/3201","targetHints":{"allow":["GET"]}}],"collection":[{"href":"https:\/\/www.lavoznola.com\/es\/wp-json\/wp\/v2\/pages"}],"about":[{"href":"https:\/\/www.lavoznola.com\/es\/wp-json\/wp\/v2\/types\/page"}],"author":[{"embeddable":true,"href":"https:\/\/www.lavoznola.com\/es\/wp-json\/wp\/v2\/users\/147"}],"replies":[{"embeddable":true,"href":"https:\/\/www.lavoznola.com\/es\/wp-json\/wp\/v2\/comments?post=3201"}],"version-history":[{"count":4,"href":"https:\/\/www.lavoznola.com\/es\/wp-json\/wp\/v2\/pages\/3201\/revisions"}],"predecessor-version":[{"id":4165,"href":"https:\/\/www.lavoznola.com\/es\/wp-json\/wp\/v2\/pages\/3201\/revisions\/4165"}],"up":[{"embeddable":true,"href":"https:\/\/www.lavoznola.com\/es\/wp-json\/wp\/v2\/pages\/2051"}],"wp:attachment":[{"href":"https:\/\/www.lavoznola.com\/es\/wp-json\/wp\/v2\/media?parent=3201"}],"curies":[{"name":"wp","href":"https:\/\/api.w.org\/{rel}","templated":true}]}}