{"id":2028,"date":"2021-09-24T13:01:59","date_gmt":"2021-09-24T13:01:59","guid":{"rendered":"\/crear-una-publicacion\/"},"modified":"2021-11-24T04:24:25","modified_gmt":"2021-11-24T04:24:25","slug":"create-a-post","status":"publish","type":"page","link":"https:\/\/www.lavoznola.com\/es\/create-a-post\/","title":{"rendered":"Crear una publicaci\u00f3n"},"content":{"rendered":"\t\t<div data-elementor-type=\"wp-page\" data-elementor-id=\"2028\" class=\"elementor elementor-2028 elementor-575\">\n\t\t\t\t\t\t\t\t\t<section class=\"elementor-section elementor-top-section elementor-element elementor-element-e6c988b elementor-section-boxed elementor-section-height-default elementor-section-height-default\" data-id=\"e6c988b\" data-element_type=\"section\">\n\t\t\t\t\t\t<div class=\"elementor-container elementor-column-gap-default\">\n\t\t\t\t\t<div class=\"elementor-column elementor-col-100 elementor-top-column elementor-element elementor-element-8dc761f\" data-id=\"8dc761f\" data-element_type=\"column\">\n\t\t\t<div class=\"elementor-widget-wrap elementor-element-populated\">\n\t\t\t\t\t\t\t\t<div class=\"elementor-element elementor-element-0ceac0c elementor-widget elementor-widget-heading\" data-id=\"0ceac0c\" data-element_type=\"widget\" data-widget_type=\"heading.default\">\n\t\t\t\t<div class=\"elementor-widget-container\">\n\t\t\t<h2 class=\"elementor-heading-title elementor-size-default\">Enviar publicaci\u00f3n al tablero de mensajes de la comunidad<\/h2>\t\t<\/div>\n\t\t\t\t<\/div>\n\t\t\t\t\t<\/div>\n\t\t<\/div>\n\t\t\t\t\t\t\t<\/div>\n\t\t<\/section>\n\t\t\t\t<section class=\"elementor-section elementor-top-section elementor-element elementor-element-534e43fe elementor-section-boxed elementor-section-height-default elementor-section-height-default\" data-id=\"534e43fe\" data-element_type=\"section\">\n\t\t\t\t\t\t<div class=\"elementor-container elementor-column-gap-default\">\n\t\t\t\t\t<div class=\"elementor-column elementor-col-100 elementor-top-column elementor-element elementor-element-78e5f17d\" data-id=\"78e5f17d\" data-element_type=\"column\">\n\t\t\t<div class=\"elementor-widget-wrap elementor-element-populated\">\n\t\t\t\t\t\t\t\t<div class=\"elementor-element elementor-element-4d9f32de elementor-widget elementor-widget-shortcode\" data-id=\"4d9f32de\" data-element_type=\"widget\" data-widget_type=\"shortcode.default\">\n\t\t\t\t<div class=\"elementor-widget-container\">\n\t\t\t\t\t<div class=\"elementor-shortcode\"><div class=\"wpuf-message\">Esta p\u00e1gina est\u00e1 restringida. Inicie sesi\u00f3n \/ Reg\u00edstrese para ver esta p\u00e1gina.<\/div><\/div>\n\t\t\t\t<\/div>\n\t\t\t\t<\/div>\n\t\t\t\t\t<\/div>\n\t\t<\/div>\n\t\t\t\t\t\t\t<\/div>\n\t\t<\/section>\n\t\t\t\t\t\t\t<\/div>\n\t\t","protected":false},"excerpt":{"rendered":"<p>Enviar publicaci\u00f3n al tablero de mensajes de la comunidad<\/p>\n","protected":false},"author":2,"featured_media":0,"parent":0,"menu_order":0,"comment_status":"closed","ping_status":"closed","template":"","meta":{"_acf_changed":false,"footnotes":""},"class_list":["post-2028","page","type-page","status-publish","hentry"],"acf":[],"_links":{"self":[{"href":"https:\/\/www.lavoznola.com\/es\/wp-json\/wp\/v2\/pages\/2028","targetHints":{"allow":["GET"]}}],"collection":[{"href":"https:\/\/www.lavoznola.com\/es\/wp-json\/wp\/v2\/pages"}],"about":[{"href":"https:\/\/www.lavoznola.com\/es\/wp-json\/wp\/v2\/types\/page"}],"author":[{"embeddable":true,"href":"https:\/\/www.lavoznola.com\/es\/wp-json\/wp\/v2\/users\/2"}],"replies":[{"embeddable":true,"href":"https:\/\/www.lavoznola.com\/es\/wp-json\/wp\/v2\/comments?post=2028"}],"version-history":[{"count":4,"href":"https:\/\/www.lavoznola.com\/es\/wp-json\/wp\/v2\/pages\/2028\/revisions"}],"predecessor-version":[{"id":2692,"href":"https:\/\/www.lavoznola.com\/es\/wp-json\/wp\/v2\/pages\/2028\/revisions\/2692"}],"wp:attachment":[{"href":"https:\/\/www.lavoznola.com\/es\/wp-json\/wp\/v2\/media?parent=2028"}],"curies":[{"name":"wp","href":"https:\/\/api.w.org\/{rel}","templated":true}]}}