{"id":3354,"date":"2022-02-02T00:11:17","date_gmt":"2022-02-02T00:11:17","guid":{"rendered":"\/donar\/"},"modified":"2022-02-02T21:36:00","modified_gmt":"2022-02-02T21:36:00","slug":"give","status":"publish","type":"page","link":"http:\/\/www.lavoznola.com\/es\/give\/","title":{"rendered":"Donar"},"content":{"rendered":"\t\t<div data-elementor-type=\"wp-page\" data-elementor-id=\"3354\" class=\"elementor elementor-3354 elementor-1684\">\n\t\t\t\t\t\t\t\t\t<section class=\"elementor-section elementor-top-section elementor-element elementor-element-f331b7a elementor-section-boxed elementor-section-height-default elementor-section-height-default\" data-id=\"f331b7a\" data-element_type=\"section\">\n\t\t\t\t\t\t<div class=\"elementor-container elementor-column-gap-default\">\n\t\t\t\t\t<div class=\"elementor-column elementor-col-100 elementor-top-column elementor-element elementor-element-315cf86\" data-id=\"315cf86\" data-element_type=\"column\">\n\t\t\t<div class=\"elementor-widget-wrap elementor-element-populated\">\n\t\t\t\t\t\t\t\t<div class=\"elementor-element elementor-element-70d31c4 elementor-widget elementor-widget-heading\" data-id=\"70d31c4\" data-element_type=\"widget\" data-widget_type=\"heading.default\">\n\t\t\t\t<div class=\"elementor-widget-container\">\n\t\t\t<h2 class=\"elementor-heading-title elementor-size-default\">Donar<\/h2>\t\t<\/div>\n\t\t\t\t<\/div>\n\t\t\t\t<div class=\"elementor-element elementor-element-927a236 elementor-widget elementor-widget-text-editor\" data-id=\"927a236\" data-element_type=\"widget\" data-widget_type=\"text-editor.default\">\n\t\t\t\t<div class=\"elementor-widget-container\">\n\t\t\t\t\t\t\t<p>Gracias por ayudar a nuestras comunidades latinas a prosperar. <br>Su donaci\u00f3n, sin importar cu\u00e1n grande o peque\u00f1a sea, ayudar\u00e1 en m\u00faltiples iniciativas de LA Voz. Si hay una iniciativa espec\u00edfica que deseas apoyar por favor describa en la secci\u00f3n de comentarios. <\/p>\t\t\t\t\t\t<\/div>\n\t\t\t\t<\/div>\n\t\t\t\t<div class=\"elementor-element elementor-element-0fe2aac elementor-widget elementor-widget-text-editor\" data-id=\"0fe2aac\" data-element_type=\"widget\" data-widget_type=\"text-editor.default\">\n\t\t\t\t<div class=\"elementor-widget-container\">\n\t\t\t\t\t\t\t<form action=\"https:\/\/www.paypal.com\/donate\" method=\"post\" target=\"_top\"><input name=\"hosted_button_id\" type=\"hidden\" value=\"TJTSJG5N33NKS\">\n<input title=\"PayPal - \u00a1La forma m\u00e1s segura y f\u00e1cil de pagar en l\u00ednea!\" alt=\"Donar con el bot\u00f3n de PayPal\" name=\"submit\" src=\"https:\/\/www.paypalobjects.com\/en_US\/i\/btn\/btn_donate_LG.gif\" type=\"image\">\n<img loading=\"lazy\" decoding=\"async\" src=\"https:\/\/www.paypal.com\/en_US\/i\/scr\/pixel.gif\" alt=\"\" width=\"1\" height=\"1\" border=\"0\"><\/form>\t\t\t\t\t\t<\/div>\n\t\t\t\t<\/div>\n\t\t\t\t\t<\/div>\n\t\t<\/div>\n\t\t\t\t\t\t\t<\/div>\n\t\t<\/section>\n\t\t\t\t<section class=\"elementor-section elementor-top-section elementor-element elementor-element-b7721ef elementor-section-height-min-height elementor-section-content-middle elementor-section-boxed elementor-section-height-default elementor-section-items-middle\" data-id=\"b7721ef\" data-element_type=\"section\" data-settings=\"{&quot;background_background&quot;:&quot;classic&quot;}\">\n\t\t\t\t\t\t\t<div class=\"elementor-background-overlay\"><\/div>\n\t\t\t\t\t\t\t<div class=\"elementor-container elementor-column-gap-default\">\n\t\t\t\t\t<div class=\"elementor-column elementor-col-100 elementor-top-column elementor-element elementor-element-9de7281\" data-id=\"9de7281\" data-element_type=\"column\">\n\t\t\t<div class=\"elementor-widget-wrap elementor-element-populated\">\n\t\t\t\t\t\t\t\t<div class=\"elementor-element elementor-element-4c1f0ac elementor-widget elementor-widget-heading\" data-id=\"4c1f0ac\" data-element_type=\"widget\" data-widget_type=\"heading.default\">\n\t\t\t\t<div class=\"elementor-widget-container\">\n\t\t\t<h2 class=\"elementor-heading-title elementor-size-default\">SOBRE LA VOZ<\/h2>\t\t<\/div>\n\t\t\t\t<\/div>\n\t\t\t\t<div class=\"elementor-element elementor-element-44dcc92 elementor-widget elementor-widget-text-editor\" data-id=\"44dcc92\" data-element_type=\"widget\" data-widget_type=\"text-editor.default\">\n\t\t\t\t<div class=\"elementor-widget-container\">\n\t\t\t\t\t\t\t<p>LA Voz trabaja para mejorar la calidad de vida en las comunidades latinas de Luisiana mediante la prevenci\u00f3n del abuso de sustancias por parte de los j\u00f3venes a trav\u00e9s de un liderazgo culturalmente competente, defensa, investigaci\u00f3n, educaci\u00f3n y ciudadan\u00eda. LA Voz de la Comunidad trabaja con l\u00edderes comunitarios para fortalecer nuestra comunidad como un todo. <\/p><p>Brindamos una ubicaci\u00f3n centralizada para que la comunidad latina encuentre recursos y eventos, se registre para recibir actualizaciones de la comunidad a trav\u00e9s de SMS o Whatsapp y participe en nuestra comunidad.<\/p>\t\t\t\t\t\t<\/div>\n\t\t\t\t<\/div>\n\t\t\t\t<div class=\"elementor-element elementor-element-8a9ad10 elementor-align-center elementor-widget elementor-widget-button\" data-id=\"8a9ad10\" data-element_type=\"widget\" data-widget_type=\"button.default\">\n\t\t\t\t<div class=\"elementor-widget-container\">\n\t\t\t\t\t<div class=\"elementor-button-wrapper\">\n\t\t\t<a href=\"\/es\/community-message-board\/\" class=\"elementor-button-link elementor-button elementor-size-sm\" role=\"button\">\n\t\t\t\t\t\t<span class=\"elementor-button-content-wrapper\">\n\t\t\t\t\t\t<span class=\"elementor-button-text\">VER TODAS LAS ACTUALIZACIONES DE LA COMUNIDAD<\/span>\n\t\t<\/span>\n\t\t\t\t\t<\/a>\n\t\t<\/div>\n\t\t\t\t<\/div>\n\t\t\t\t<\/div>\n\t\t\t\t\t<\/div>\n\t\t<\/div>\n\t\t\t\t\t\t\t<\/div>\n\t\t<\/section>\n\t\t\t\t\t\t\t<\/div>\n\t\t","protected":false},"excerpt":{"rendered":"<p>Donar Gracias por ayudar a nuestras comunidades latinas a prosperar. Su donaci\u00f3n, sin importar cu\u00e1n grande o peque\u00f1a sea, ayudar\u00e1 en m\u00faltiples iniciativas de LA Voz. Si hay una iniciativa espec\u00edfica que deseas apoyar por favor describa en la secci\u00f3n de comentarios. SOBRE LA VOZ LA Voz trabaja para mejorar la calidad de vida en [&hellip;]<\/p>\n","protected":false},"author":63,"featured_media":0,"parent":0,"menu_order":0,"comment_status":"closed","ping_status":"closed","template":"","meta":{"_acf_changed":false,"footnotes":""},"class_list":["post-3354","page","type-page","status-publish","hentry"],"acf":[],"_links":{"self":[{"href":"http:\/\/www.lavoznola.com\/es\/wp-json\/wp\/v2\/pages\/3354","targetHints":{"allow":["GET"]}}],"collection":[{"href":"http:\/\/www.lavoznola.com\/es\/wp-json\/wp\/v2\/pages"}],"about":[{"href":"http:\/\/www.lavoznola.com\/es\/wp-json\/wp\/v2\/types\/page"}],"author":[{"embeddable":true,"href":"http:\/\/www.lavoznola.com\/es\/wp-json\/wp\/v2\/users\/63"}],"replies":[{"embeddable":true,"href":"http:\/\/www.lavoznola.com\/es\/wp-json\/wp\/v2\/comments?post=3354"}],"version-history":[{"count":30,"href":"http:\/\/www.lavoznola.com\/es\/wp-json\/wp\/v2\/pages\/3354\/revisions"}],"predecessor-version":[{"id":3457,"href":"http:\/\/www.lavoznola.com\/es\/wp-json\/wp\/v2\/pages\/3354\/revisions\/3457"}],"wp:attachment":[{"href":"http:\/\/www.lavoznola.com\/es\/wp-json\/wp\/v2\/media?parent=3354"}],"curies":[{"name":"wp","href":"https:\/\/api.w.org\/{rel}","templated":true}]}}